{"id":24,"date":"2018-04-23T22:00:18","date_gmt":"2018-04-23T20:00:18","guid":{"rendered":"http:\/\/149.91.81.125\/?page_id=24"},"modified":"2018-05-09T14:14:29","modified_gmt":"2018-05-09T12:14:29","slug":"portfolio-des-competences","status":"publish","type":"page","link":"https:\/\/portfolio.pulsegame.fr\/index.php\/portfolio-des-competences\/","title":{"rendered":"PorteFeuille de Comp\u00e9tence"},"content":{"rendered":"<p>Sur ce lien, vous verrez mon avanc\u00e9e sur mes comp\u00e9tences. ( HTML 5 requis )<\/p>\n<p>Voici ci-dessous mes comp\u00e9tences en Programmation :<br \/>\n<div id=\"skillbar_straight\" style=\"padding:10px 0;\">\n\n<div class=\"skillbar clearfix\" data-percent=\"85%\" style=\"background: #eeeeee;\">\r\n\t\t\t\t<div class=\"skillbar-title\" style=\"background: #f7a53b !important;\"><span>Python<\/span><\/div>\r\n\t\t\t\t<div class=\"skillbar-bar\" style=\"background: #f7a53b;\"><\/div>\r\n\t\t\t\t<div class=\"skill-bar-percent\">85%<\/div>\r\n\t\t\t<\/div>\n\n<div class=\"skillbar clearfix\" data-percent=\"60%\" style=\"background: #eeeeee;\">\r\n\t\t\t\t<div class=\"skillbar-title\" style=\"background: #6adcfa !important;\"><span>Html\/CSS\/Js<\/span><\/div>\r\n\t\t\t\t<div class=\"skillbar-bar\" style=\"background: #6adcfa;\"><\/div>\r\n\t\t\t\t<div class=\"skill-bar-percent\">60%<\/div>\r\n\t\t\t<\/div>\n\n<div class=\"skillbar clearfix\" data-percent=\"95%\" style=\"background: #eeeeee;\">\r\n\t\t\t\t<div class=\"skillbar-title\" style=\"background: #336699 !important;\"><span>Arduino<\/span><\/div>\r\n\t\t\t\t<div class=\"skillbar-bar\" style=\"background: #336699;\"><\/div>\r\n\t\t\t\t<div class=\"skill-bar-percent\">95%<\/div>\r\n\t\t\t<\/div>\n\n<div class=\"skillbar clearfix\" data-percent=\"65%\" style=\"background: #eeeeee;\">\r\n\t\t\t\t<div class=\"skillbar-title\" style=\"background: #797D7F !important;\"><span>Base de Java<\/span><\/div>\r\n\t\t\t\t<div class=\"skillbar-bar\" style=\"background: #797D7F;\"><\/div>\r\n\t\t\t\t<div class=\"skill-bar-percent\">65%<\/div>\r\n\t\t\t<\/div>\n\n<div class=\"skillbar clearfix\" data-percent=\"30%\" style=\"background: #eeeeee;\">\r\n\t\t\t\t<div class=\"skillbar-title\" style=\"background: #82E0AA !important;\"><span>Base de C++<\/span><\/div>\r\n\t\t\t\t<div class=\"skillbar-bar\" style=\"background: #82E0AA;\"><\/div>\r\n\t\t\t\t<div class=\"skill-bar-percent\">30%<\/div>\r\n\t\t\t<\/div>\n\n\n<div style=\"clear:both;\"><\/div>\n<\/div>\n<div style=\"clear:both; height:10px; overflow:hidden;\"><\/div>\n<style type=\"text\/css\">.skillbar-title{font-size:px;color:;}.skill-bar-percent{font-size:px;color:;}<\/style><script>\r\n\t\t\t\tfunction sbar(){\r\n\t\t\t\t\tjQuery(\".skillbar\").each(function(){\r\n\t\t\t\t\t\tjQuery(this).find(\".skillbar-bar\").animate({\r\n\t\t\t\t\t\t\twidth:jQuery(this).attr(\"data-percent\")\r\n\t\t\t\t\t\t},3000);\r\n\t\t\t\t\t});\t\r\n\t\t\t\t}\r\n\t\t\t\tif ( jQuery(\"#skillbar_straight\").next().is(\":appeared\") ){\r\n\t\t\t\t\tsbar();\r\n\t\t\t\t} else {\r\n\t\t\t\t\tjQuery( window ).scroll(function() {\r\n\t\t\t\t\t\tif ( jQuery(\"#skillbar_straight\").next().is(\":appeared\") ){\r\n\t\t\t\t\t\t\tsbar();\r\n\t\t\t\t\t\t}\r\n\t\t\t\t\t});\r\n\t\t\t\t}\r\n\t\t\t\t<\/script><\/p>\n<p>&nbsp;<\/p>\n<p>Voici ci-dessous mes comp\u00e9tences en Syst\u00e8me et R\u00e9seaux :<\/p>\n<style type=\"text\/css\">#g1, #g2, #g3, #g4, #g5, #g6{ width:200px; height:160px; display: inline-block; margin: 0.5em; }\r\n\t\t\t\t#gage_chart{text-align:left;}<\/style><script>var g1, g2, g3, g4, g5, g6;\nfunction gager(){var g1 = new JustGage({\r\n\t\t\t\t\t\tid: \"g1\", \r\n\t\t\t\t\t\tvalue: 80,\r\n\t\t\t\t\t\ttitle: \"Windows\",\r\n\t\t\t\t\t\tvalueFontColor: \"#f00\",\r\n\t\t\t\t\t\tlevelColors : [\"#f00\"],\r\n\t\t\t\t\t\ttitleFontColor : \"#f00\",\r\n\t\t\t\t\t\tlabelFontColor : \"#f00\",\r\n\t\t\t\t\t\tgaugeColor : \"#eee\",\r\n\t\t\t\t\t\tmin: 0,\r\n\t\t\t\t\t\tmax: 100,\r\n\t\t\t\t\t\tlabel: \"%\",\r\n\t\t\t\t\t\tlevelColorsGradient: false,\r\n\t\t\t\t\t\tshowMinMax :\"hide\",\r\n\t\t\t\t\t\tshadowOpacity :\"0.2\",\t\t\r\n\t\t\t\t\t\tshadowSize : \"5\",  \r\n\t\t\t\t\t\tstartAnimationType : \"easein\",\r\n\t\t\t\t\t});\nvar g2 = new JustGage({\r\n\t\t\t\t\t\tid: \"g2\", \r\n\t\t\t\t\t\tvalue: 65,\r\n\t\t\t\t\t\ttitle: \"Linux\",\r\n\t\t\t\t\t\tvalueFontColor: \"#f60\",\r\n\t\t\t\t\t\tlevelColors : [\"#f60\"],\r\n\t\t\t\t\t\ttitleFontColor : \"#f60\",\r\n\t\t\t\t\t\tlabelFontColor : \"#f60\",\r\n\t\t\t\t\t\tgaugeColor : \"#eee\",\r\n\t\t\t\t\t\tmin: 0,\r\n\t\t\t\t\t\tmax: 100,\r\n\t\t\t\t\t\tlabel: \"%\",\r\n\t\t\t\t\t\tlevelColorsGradient: false,\r\n\t\t\t\t\t\tshowMinMax :\"hide\",\r\n\t\t\t\t\t\tshadowOpacity :\"0.2\",\t\t\r\n\t\t\t\t\t\tshadowSize : \"5\",  \r\n\t\t\t\t\t\tstartAnimationType : \"easein\",\r\n\t\t\t\t\t});\nvar g3 = new JustGage({\r\n\t\t\t\t\t\tid: \"g3\", \r\n\t\t\t\t\t\tvalue: 20,\r\n\t\t\t\t\t\ttitle: \"Mac\",\r\n\t\t\t\t\t\tvalueFontColor: \"#900\",\r\n\t\t\t\t\t\tlevelColors : [\"#900\"],\r\n\t\t\t\t\t\ttitleFontColor : \"#900\",\r\n\t\t\t\t\t\tlabelFontColor : \"#900\",\r\n\t\t\t\t\t\tgaugeColor : \"#eee\",\r\n\t\t\t\t\t\tmin: 0,\r\n\t\t\t\t\t\tmax: 100,\r\n\t\t\t\t\t\tlabel: \"%\",\r\n\t\t\t\t\t\tlevelColorsGradient: false,\r\n\t\t\t\t\t\tshowMinMax :\"hide\",\r\n\t\t\t\t\t\tshadowOpacity :\"0.2\",\t\t\r\n\t\t\t\t\t\tshadowSize : \"5\",  \r\n\t\t\t\t\t\tstartAnimationType : \"easein\",\r\n\t\t\t\t\t});\nvar g4 = new JustGage({\r\n\t\t\t\t\t\tid: \"g4\", \r\n\t\t\t\t\t\tvalue: 90,\r\n\t\t\t\t\t\ttitle: \"Ipv4\/ipv6\",\r\n\t\t\t\t\t\tvalueFontColor: \"#95A\",\r\n\t\t\t\t\t\tlevelColors : [\"#95A\"],\r\n\t\t\t\t\t\ttitleFontColor : \"#95A\",\r\n\t\t\t\t\t\tlabelFontColor : \"#95A\",\r\n\t\t\t\t\t\tgaugeColor : \"#eee\",\r\n\t\t\t\t\t\tmin: 0,\r\n\t\t\t\t\t\tmax: 100,\r\n\t\t\t\t\t\tlabel: \"%\",\r\n\t\t\t\t\t\tlevelColorsGradient: false,\r\n\t\t\t\t\t\tshowMinMax :\"hide\",\r\n\t\t\t\t\t\tshadowOpacity :\"0.2\",\t\t\r\n\t\t\t\t\t\tshadowSize : \"5\",  \r\n\t\t\t\t\t\tstartAnimationType : \"easein\",\r\n\t\t\t\t\t});\nvar g5 = new JustGage({\r\n\t\t\t\t\t\tid: \"g5\", \r\n\t\t\t\t\t\tvalue: 70,\r\n\t\t\t\t\t\ttitle: \"Routage\",\r\n\t\t\t\t\t\tvalueFontColor: \"#AFA\",\r\n\t\t\t\t\t\tlevelColors : [\"#AFA\"],\r\n\t\t\t\t\t\ttitleFontColor : \"#AFA\",\r\n\t\t\t\t\t\tlabelFontColor : \"#AFA\",\r\n\t\t\t\t\t\tgaugeColor : \"#eee\",\r\n\t\t\t\t\t\tmin: 0,\r\n\t\t\t\t\t\tmax: 100,\r\n\t\t\t\t\t\tlabel: \"%\",\r\n\t\t\t\t\t\tlevelColorsGradient: false,\r\n\t\t\t\t\t\tshowMinMax :\"hide\",\r\n\t\t\t\t\t\tshadowOpacity :\"0.2\",\t\t\r\n\t\t\t\t\t\tshadowSize : \"5\",  \r\n\t\t\t\t\t\tstartAnimationType : \"easein\",\r\n\t\t\t\t\t});\nvar g6 = new JustGage({\r\n\t\t\t\t\t\tid: \"g6\", \r\n\t\t\t\t\t\tvalue: 60,\r\n\t\t\t\t\t\ttitle: \"MySQL\",\r\n\t\t\t\t\t\tvalueFontColor: \"#AAF\",\r\n\t\t\t\t\t\tlevelColors : [\"#AAF\"],\r\n\t\t\t\t\t\ttitleFontColor : \"#AAF\",\r\n\t\t\t\t\t\tlabelFontColor : \"#AAF\",\r\n\t\t\t\t\t\tgaugeColor : \"#eee\",\r\n\t\t\t\t\t\tmin: 0,\r\n\t\t\t\t\t\tmax: 100,\r\n\t\t\t\t\t\tlabel: \"%\",\r\n\t\t\t\t\t\tlevelColorsGradient: false,\r\n\t\t\t\t\t\tshowMinMax :\"hide\",\r\n\t\t\t\t\t\tshadowOpacity :\"0.2\",\t\t\r\n\t\t\t\t\t\tshadowSize : \"5\",  \r\n\t\t\t\t\t\tstartAnimationType : \"easein\",\r\n\t\t\t\t\t});\n};\njQuery(document).ready( function(){\r\n\t\t\t\tif ( jQuery(\"#gage_chart\").next().is(\":appeared\") ){\r\n\t\t\t\t\tif (  ! jQuery(\"#gage_chart\").hasClass(\"gc_active\") ) {\r\n\t\t\t\t\t\tgager();\r\n\t\t\t\t\t\tjQuery(\"#gage_chart\").addClass(\"gc_active\");\r\n\t\t\t\t\t}\r\n\t\t\t\t} else {\r\n\t\t\t\t\tjQuery( window ).scroll(function() {\r\n\t\t\t\t\t\tif ( jQuery(\"#gage_chart\").next().is(\":appeared\") ){\r\n\t\t\t\t\t\t\tif (  ! jQuery(\"#gage_chart\").hasClass(\"gc_active\") ) {\r\n\t\t\t\t\t\t\t\tgager();\r\n\t\t\t\t\t\t\t\tjQuery(\"#gage_chart\").addClass(\"gc_active\");\r\n\t\t\t\t\t\t\t}\r\n\t\t\t\t\t\t}\r\n\t\t\t\t\t});\r\n\t\t\t\t}\r\n\t\t\t});\r\n\t\t\t<\/script><div id=\"gage_chart\"><div id=\"g1\"><\/div><div id=\"g2\"><\/div><div id=\"g3\"><\/div><div id=\"g4\"><\/div><div id=\"g5\"><\/div><div id=\"g6\"><\/div><\/div><div style=\"clear:both; height:10px; overflow:hidden;\"><\/div>\n","protected":false},"excerpt":{"rendered":"<p>Sur ce lien, vous verrez mon avanc\u00e9e sur mes comp\u00e9tences. ( HTML 5 requis ) Voici ci-dessous mes comp\u00e9tences en Programmation : &nbsp; Voici ci-dessous mes comp\u00e9tences en Syst\u00e8me et R\u00e9seaux :<\/p>\n","protected":false},"author":1,"featured_media":0,"parent":0,"menu_order":0,"comment_status":"closed","ping_status":"closed","template":"","meta":{"footnotes":""},"class_list":["post-24","page","type-page","status-publish","hentry"],"_links":{"self":[{"href":"https:\/\/portfolio.pulsegame.fr\/index.php\/wp-json\/wp\/v2\/pages\/24","targetHints":{"allow":["GET"]}}],"collection":[{"href":"https:\/\/portfolio.pulsegame.fr\/index.php\/wp-json\/wp\/v2\/pages"}],"about":[{"href":"https:\/\/portfolio.pulsegame.fr\/index.php\/wp-json\/wp\/v2\/types\/page"}],"author":[{"embeddable":true,"href":"https:\/\/portfolio.pulsegame.fr\/index.php\/wp-json\/wp\/v2\/users\/1"}],"replies":[{"embeddable":true,"href":"https:\/\/portfolio.pulsegame.fr\/index.php\/wp-json\/wp\/v2\/comments?post=24"}],"version-history":[{"count":39,"href":"https:\/\/portfolio.pulsegame.fr\/index.php\/wp-json\/wp\/v2\/pages\/24\/revisions"}],"predecessor-version":[{"id":93,"href":"https:\/\/portfolio.pulsegame.fr\/index.php\/wp-json\/wp\/v2\/pages\/24\/revisions\/93"}],"wp:attachment":[{"href":"https:\/\/portfolio.pulsegame.fr\/index.php\/wp-json\/wp\/v2\/media?parent=24"}],"curies":[{"name":"wp","href":"https:\/\/api.w.org\/{rel}","templated":true}]}}