{"id":2,"date":"2018-03-26T06:43:14","date_gmt":"2018-03-26T04:43:14","guid":{"rendered":"http:\/\/149.91.81.125\/?page_id=2"},"modified":"2018-10-15T17:57:21","modified_gmt":"2018-10-15T15:57:21","slug":"information","status":"publish","type":"page","link":"https:\/\/portfolio.pulsegame.fr\/index.php\/information\/","title":{"rendered":"Information"},"content":{"rendered":"<p>Pour des questions, merci de me contactez \u00e0 cette adresse : guillaume.da.silva@laposte.net<\/p>\n<blockquote><p>Bonjour\u00a0! Je suis un jeune Informaticien qui aspire \u00e0 devenir un expert, et ceci est mon site. J\u2019habite \u00e0 Ch\u00e2teauroux, j&rsquo;adore perdre mon temps \u00e0 m&rsquo;acharner sur des probl\u00e8mes.<\/p><\/blockquote>\n<p>&nbsp;<\/p>\n","protected":false},"excerpt":{"rendered":"<p>Pour des questions, merci de me contactez \u00e0 cette adresse : guillaume.da.silva@laposte.net Bonjour\u00a0! Je suis un jeune Informaticien qui aspire \u00e0 devenir un expert, et ceci est mon site. J\u2019habite \u00e0 Ch\u00e2teauroux, j&rsquo;adore perdre mon temps \u00e0 m&rsquo;acharner sur des&#8230; <a class=\"more-link\" href=\"https:\/\/portfolio.pulsegame.fr\/index.php\/information\/\"> Continue Reading &rarr;<\/a><\/p>\n","protected":false},"author":1,"featured_media":0,"parent":0,"menu_order":0,"comment_status":"closed","ping_status":"open","template":"","meta":{"footnotes":""},"class_list":["post-2","page","type-page","status-publish","hentry"],"_links":{"self":[{"href":"https:\/\/portfolio.pulsegame.fr\/index.php\/wp-json\/wp\/v2\/pages\/2","targetHints":{"allow":["GET"]}}],"collection":[{"href":"https:\/\/portfolio.pulsegame.fr\/index.php\/wp-json\/wp\/v2\/pages"}],"about":[{"href":"https:\/\/portfolio.pulsegame.fr\/index.php\/wp-json\/wp\/v2\/types\/page"}],"author":[{"embeddable":true,"href":"https:\/\/portfolio.pulsegame.fr\/index.php\/wp-json\/wp\/v2\/users\/1"}],"replies":[{"embeddable":true,"href":"https:\/\/portfolio.pulsegame.fr\/index.php\/wp-json\/wp\/v2\/comments?post=2"}],"version-history":[{"count":3,"href":"https:\/\/portfolio.pulsegame.fr\/index.php\/wp-json\/wp\/v2\/pages\/2\/revisions"}],"predecessor-version":[{"id":141,"href":"https:\/\/portfolio.pulsegame.fr\/index.php\/wp-json\/wp\/v2\/pages\/2\/revisions\/141"}],"wp:attachment":[{"href":"https:\/\/portfolio.pulsegame.fr\/index.php\/wp-json\/wp\/v2\/media?parent=2"}],"curies":[{"name":"wp","href":"https:\/\/api.w.org\/{rel}","templated":true}]}}